{"id":555,"date":"2024-01-10T21:47:25","date_gmt":"2024-01-10T20:47:25","guid":{"rendered":"https:\/\/web.gmlink.sk\/?page_id=555"},"modified":"2024-01-11T15:21:58","modified_gmt":"2024-01-11T14:21:58","slug":"tatrykompas","status":"publish","type":"page","link":"https:\/\/gm-link.sk\/?page_id=555","title":{"rendered":"TatryKompas"},"content":{"rendered":"\n\n\n<div class=\"wp-block-group has-global-padding is-layout-constrained wp-block-group-is-layout-constrained\">\n<div class=\"wp-block-columns alignfull are-vertically-aligned-top is-layout-flex wp-container-core-columns-is-layout-1 wp-block-columns-is-layout-flex\" style=\"margin-top:0;margin-right:0;margin-bottom:0;margin-left:0;padding-top:0;padding-right:0;padding-bottom:0;padding-left:0\">\n<div class=\"wp-block-column is-layout-flow wp-block-column-is-layout-flow\" style=\"flex-basis:100%\">\n<figure class=\"wp-block-image size-large\"><img loading=\"lazy\" decoding=\"async\" width=\"1024\" height=\"181\" src=\"https:\/\/web.gmlink.sk\/wp-content\/uploads\/2024\/01\/Obrazok1-1024x181.png\" alt=\"\" class=\"wp-image-565\" srcset=\"https:\/\/gm-link.sk\/wp-content\/uploads\/2024\/01\/Obrazok1-1024x181.png 1024w, https:\/\/gm-link.sk\/wp-content\/uploads\/2024\/01\/Obrazok1-300x53.png 300w, https:\/\/gm-link.sk\/wp-content\/uploads\/2024\/01\/Obrazok1-768x136.png 768w, https:\/\/gm-link.sk\/wp-content\/uploads\/2024\/01\/Obrazok1.png 1187w\" sizes=\"(max-width: 1024px) 100vw, 1024px\" \/><\/figure>\n<\/div>\n<\/div>\n<\/div>\n\n\n\n<p class=\"has-text-align-center has-medium-font-size\">Webov\u00e1 a mobiln\u00e1 aplik\u00e1cia, kde si m\u00f4\u017eete objedna\u0165 ak\u00e9ko\u013evek slu\u017eby v regi\u00f3ne Tatier kdeko\u013evek a kedyko\u013evek v\u00e1m napadne term\u00edn vo va\u0161ej ob\u013e\u00fabenej re\u0161taur\u00e1cii, u kadern\u00edka, kozmeti\u010dky, mas\u00e9ra, fotografa, pr\u00e1vnika, veterin\u00e1ra, term\u00edn, ktor\u00fd je urgentn\u00fd, alebo v\u00e1m vyhovuje cez po\u010d\u00edta\u010d, tablet alebo mobiln\u00fd telef\u00f3n. Vytvorili sme pre v\u00e1s jednoduch\u00fa, interakt\u00edvnu PC a mobiln\u00fa aplik\u00e1ciu pre objedn\u00e1vanie slu\u017eieb alebo tovarov u va\u0161ich ob\u013e\u00faben\u00fdch poskytovate\u013eov slu\u017eieb alebo predajcov.<\/p>\n\n\n\n<figure class=\"wp-block-image size-full is-resized is-style-default\"><img loading=\"lazy\" decoding=\"async\" width=\"2560\" height=\"662\" src=\"https:\/\/web.gmlink.sk\/wp-content\/uploads\/2024\/01\/people-scaled.jpg\" alt=\"\" class=\"wp-image-605\" style=\"width:621px;height:auto\" srcset=\"https:\/\/gm-link.sk\/wp-content\/uploads\/2024\/01\/people-scaled.jpg 2560w, https:\/\/gm-link.sk\/wp-content\/uploads\/2024\/01\/people-300x78.jpg 300w, https:\/\/gm-link.sk\/wp-content\/uploads\/2024\/01\/people-1024x265.jpg 1024w, https:\/\/gm-link.sk\/wp-content\/uploads\/2024\/01\/people-768x199.jpg 768w, https:\/\/gm-link.sk\/wp-content\/uploads\/2024\/01\/people-1536x397.jpg 1536w, https:\/\/gm-link.sk\/wp-content\/uploads\/2024\/01\/people-2048x529.jpg 2048w\" sizes=\"(max-width: 2560px) 100vw, 2560px\" \/><\/figure>\n\n\n\n<h3 class=\"wp-block-heading has-text-align-center has-text-color has-link-color wp-elements-e33072311af740cdafa2d84d89f026fd\" style=\"color:#0693e3\">Ste vern\u00fd z\u00e1kazn\u00edk?<\/h3>\n\n\n\n<p class=\"has-text-align-center\">Za ka\u017ed\u00fa n\u00e1v\u0161tevu budete odmenen\u00fd pod\u013ea vernostn\u00e9ho programu poskytovate\u013ea slu\u017eby.<\/p>\n\n\n\n<h3 class=\"wp-block-heading has-text-align-center has-text-color has-link-color wp-elements-07ca3d7d76915c9f46e93066d2fcd0ea\" style=\"color:#0693e3\">Zab\u00fadate na term\u00edny?<\/h3>\n\n\n\n<p class=\"has-text-align-center\">Prostredn\u00edctvom mailov\u00fdch alebo notifik\u00e1ci\u00ed va\u0161ej mobilnej aplik\u00e1cie budete informovan\u00ed o exkluz\u00edvnych akci\u00e1ch a ponuk\u00e1ch poskytovate\u013eov slu\u017eieb, ktor\u00e9 bud\u00fa ur\u010den\u00e9 pre z\u00e1kazn\u00edkov s TATRYKOMPAS aplik\u00e1ciou.Takisto v\u00e1m pripomenieme ka\u017ed\u00fd v\u00e1\u0161 objednan\u00fd term\u00edn.<\/p>\n\n\n\n<h3 class=\"wp-block-heading has-text-align-center has-text-color has-link-color wp-elements-b19480ed31fd6a4f36cd15b24f882619\" style=\"color:#0693e3\">Neradi nos\u00edte pln\u00e9 vreck\u00e1 vernostn\u00fdch kariet?<\/h3>\n\n\n\n<p class=\"has-text-align-center\">V\u0161etky vernostn\u00e9 karty m\u00f4\u017eete ma\u0165 st\u00e1le pri sebe vo svojom mobilnom telef\u00f3ne.<\/p>\n\n\n\n<h3 class=\"wp-block-heading has-text-align-center has-text-color has-link-color wp-elements-4005e27f15dcee67f71227fd0f9b9f58\" style=\"color:#0693e3\">Neorientujete sa v regi\u00f3ne?<\/h3>\n\n\n\n<p class=\"has-text-align-center\">V\u010faka mape podnikov a geolok\u00e1cii n\u00e1jdete r\u00fdchlo a jednoducho najbli\u017e\u0161ie podniky, kde plat\u00ed va\u0161a TATRYKOMPAS aplik\u00e1cia. Nezabudnite si zapn\u00fa\u0165 va\u0161e GPS a u\u017e\u00edvajte si \u010fal\u0161ie funkcie TATRYKOMPAS aplik\u00e1cie.<\/p>\n\n\n\n<p>Pre z\u00e1kazn\u00edkov je dostupn\u00e1 Webov\u00e1 aplik\u00e1cia <a href=\"https:\/\/www.tatrykompas.sk\/\">https:\/\/www.tatrykompas.sk\/<\/a><\/p>\n\n\n\n<p class=\"has-text-align-center\">a Mobiln\u00e1 aplik\u00e1cia pre Android a iOS<\/p>\n\n\n\n<figure class=\"wp-block-image size-full\"><img loading=\"lazy\" decoding=\"async\" width=\"944\" height=\"409\" src=\"https:\/\/web.gmlink.sk\/wp-content\/uploads\/2024\/01\/TatryKompas-app.png\" alt=\"\" class=\"wp-image-611\" srcset=\"https:\/\/gm-link.sk\/wp-content\/uploads\/2024\/01\/TatryKompas-app.png 944w, https:\/\/gm-link.sk\/wp-content\/uploads\/2024\/01\/TatryKompas-app-300x130.png 300w, https:\/\/gm-link.sk\/wp-content\/uploads\/2024\/01\/TatryKompas-app-768x333.png 768w\" sizes=\"(max-width: 944px) 100vw, 944px\" \/><\/figure>\n\n\n\n<h3 class=\"wp-block-heading has-text-align-center is-style-default has-text-color has-link-color wp-elements-42ed81b245ca0113cb3fb3714d5f8ff8\" style=\"color:#0693e3\">Aplik\u00e1cia TATRYKOMPAS<br>v\u00e1m pom\u00f4\u017ee<\/h3>\n\n\n\n<ul class=\"wp-block-list\">\n<li>jednoducho vyh\u013eada\u0165 a objedna\u0165 slu\u017ebu u v\u00e1\u0161ho poskytovate\u013ea<\/li>\n\n\n\n<li>jednoduch\u00fd pr\u00edstup k slu\u017ebe<\/li>\n\n\n\n<li>jednoducho odmeni\u0165 vern\u00e9ho z\u00e1kazn\u00edka<\/li>\n\n\n\n<li>jednoducho vytvori\u0165 va\u0161u vlastn\u00fa sie\u0165 poskytovate\u013eov slu\u017eieb<\/li>\n<\/ul>\n\n\n\n<p>Stiahnite si mobiln\u00fa aplik\u00e1ciu TATRYKOMPAS<\/p>\n\n\n\n<figure class=\"wp-block-gallery has-nested-images columns-default is-cropped wp-block-gallery-1 is-layout-flex wp-block-gallery-is-layout-flex\">\n<figure class=\"wp-block-image size-large\"><a href=\"https:\/\/play.google.com\/store\/apps\/details?id=sk.gmlink.tatrykompasandroid\"><img loading=\"lazy\" decoding=\"async\" width=\"646\" height=\"250\" data-id=\"591\" src=\"https:\/\/web.gmlink.sk\/wp-content\/uploads\/2024\/01\/5a902dbf7f96951c82922875.png\" alt=\"\" class=\"wp-image-591\" srcset=\"https:\/\/gm-link.sk\/wp-content\/uploads\/2024\/01\/5a902dbf7f96951c82922875.png 646w, https:\/\/gm-link.sk\/wp-content\/uploads\/2024\/01\/5a902dbf7f96951c82922875-300x116.png 300w\" sizes=\"(max-width: 646px) 100vw, 646px\" \/><\/a><\/figure>\n\n\n\n<figure class=\"wp-block-image size-large\"><a href=\"https:\/\/apps.apple.com\/sa\/app\/tatrykompas\/id6443750970\"><img loading=\"lazy\" decoding=\"async\" width=\"1024\" height=\"412\" data-id=\"592\" src=\"https:\/\/web.gmlink.sk\/wp-content\/uploads\/2024\/01\/appstore-button_5f33f4ba6017a-1024x412.png\" alt=\"\" class=\"wp-image-592\" srcset=\"https:\/\/gm-link.sk\/wp-content\/uploads\/2024\/01\/appstore-button_5f33f4ba6017a-1024x412.png 1024w, https:\/\/gm-link.sk\/wp-content\/uploads\/2024\/01\/appstore-button_5f33f4ba6017a-300x121.png 300w, https:\/\/gm-link.sk\/wp-content\/uploads\/2024\/01\/appstore-button_5f33f4ba6017a-768x309.png 768w, https:\/\/gm-link.sk\/wp-content\/uploads\/2024\/01\/appstore-button_5f33f4ba6017a.png 1272w\" sizes=\"(max-width: 1024px) 100vw, 1024px\" \/><\/a><\/figure>\n<\/figure>\n","protected":false},"excerpt":{"rendered":"<p>Webov\u00e1 a mobiln\u00e1 aplik\u00e1cia, kde si m\u00f4\u017eete objedna\u0165 ak\u00e9ko\u013evek slu\u017eby v regi\u00f3ne Tatier kdeko\u013evek a kedyko\u013evek v\u00e1m napadne term\u00edn vo va\u0161ej ob\u013e\u00fabenej re\u0161taur\u00e1cii, u kadern\u00edka, kozmeti\u010dky, mas\u00e9ra, fotografa, pr\u00e1vnika, veterin\u00e1ra, term\u00edn, ktor\u00fd je urgentn\u00fd, alebo v\u00e1m vyhovuje cez po\u010d\u00edta\u010d, tablet alebo mobiln\u00fd telef\u00f3n. Vytvorili sme pre v\u00e1s jednoduch\u00fa, interakt\u00edvnu PC a mobiln\u00fa aplik\u00e1ciu pre objedn\u00e1vanie [&hellip;]<\/p>\n","protected":false},"author":2,"featured_media":0,"parent":0,"menu_order":0,"comment_status":"closed","ping_status":"closed","template":"","meta":{"footnotes":""},"class_list":["post-555","page","type-page","status-publish","hentry"],"_links":{"self":[{"href":"https:\/\/gm-link.sk\/index.php?rest_route=\/wp\/v2\/pages\/555"}],"collection":[{"href":"https:\/\/gm-link.sk\/index.php?rest_route=\/wp\/v2\/pages"}],"about":[{"href":"https:\/\/gm-link.sk\/index.php?rest_route=\/wp\/v2\/types\/page"}],"author":[{"embeddable":true,"href":"https:\/\/gm-link.sk\/index.php?rest_route=\/wp\/v2\/users\/2"}],"replies":[{"embeddable":true,"href":"https:\/\/gm-link.sk\/index.php?rest_route=%2Fwp%2Fv2%2Fcomments&post=555"}],"version-history":[{"count":22,"href":"https:\/\/gm-link.sk\/index.php?rest_route=\/wp\/v2\/pages\/555\/revisions"}],"predecessor-version":[{"id":614,"href":"https:\/\/gm-link.sk\/index.php?rest_route=\/wp\/v2\/pages\/555\/revisions\/614"}],"wp:attachment":[{"href":"https:\/\/gm-link.sk\/index.php?rest_route=%2Fwp%2Fv2%2Fmedia&parent=555"}],"curies":[{"name":"wp","href":"https:\/\/api.w.org\/{rel}","templated":true}]}}