{"id":496,"date":"2024-01-07T12:28:17","date_gmt":"2024-01-07T11:28:17","guid":{"rendered":"https:\/\/web.gmlink.sk\/?page_id=496"},"modified":"2024-06-05T16:56:43","modified_gmt":"2024-06-05T14:56:43","slug":"riesenia-a-sluzby","status":"publish","type":"page","link":"https:\/\/gm-link.sk\/?page_id=496","title":{"rendered":"Rie\u0161enia a slu\u017eby"},"content":{"rendered":"\n<div class=\"wp-block-group alignfull has-base-2-background-color has-background has-global-padding is-layout-constrained wp-container-core-group-is-layout-2 wp-block-group-is-layout-constrained\" style=\"margin-top:0;margin-bottom:0;padding-top:var(--wp--preset--spacing--20);padding-right:var(--wp--preset--spacing--20);padding-bottom:var(--wp--preset--spacing--20);padding-left:var(--wp--preset--spacing--20)\">\n<div class=\"wp-block-group is-vertical is-content-justification-center is-layout-flex wp-container-core-group-is-layout-1 wp-block-group-is-layout-flex\">\n<h2 class=\"wp-block-heading has-text-align-center is-style-default has-text-color has-link-color wp-elements-b4f49f4d2e61a57d6d22f6363fc872d9\" style=\"color:#0693e3\">Spolo\u010dnos\u0165 GM-Link<\/h2>\n\n\n\n<div style=\"height:0px\" aria-hidden=\"true\" class=\"wp-block-spacer wp-container-content-2\"><\/div>\n\n\n\n<p class=\"has-text-align-center\">pom\u00e1ha z\u00e1kazn\u00edkom pri transform\u00e1cii biznis po\u017eiadaviek na IT rie\u0161enia s cie\u013eom vyu\u017eitia maxim\u00e1lnej hodnoty z existuj\u00facich syst\u00e9mov a efekt\u00edvneho vyu\u017eitia nov\u00fdch invest\u00edci\u00ed.<\/p>\n<\/div>\n\n\n\n<div style=\"margin-top:0;margin-bottom:0;height:var(--wp--preset--spacing--40)\" aria-hidden=\"true\" class=\"wp-block-spacer\"><\/div>\n\n\n\n<div class=\"wp-block-columns alignwide is-layout-flex wp-container-core-columns-is-layout-1 wp-block-columns-is-layout-flex\">\n<div class=\"wp-block-column is-layout-flow wp-container-core-column-is-layout-1 wp-block-column-is-layout-flow\">\n<h3 class=\"wp-block-heading has-text-align-left is-style-default has-text-color has-link-color has-body-font-family has-medium-font-size wp-elements-e2dcfda966cb6694e6ba56f0d644a72c\" style=\"color:#0693e3;font-style:normal;font-weight:600\"><a href=\"https:\/\/gm-link.sk\/?page_id=15\" data-type=\"page\" data-id=\"15\">Poradenstvo v oblasti biznis procesov<\/a><\/h3>\n\n\n\n<p class=\"has-text-align-left\">Pom\u00f4\u017eeme V\u00e1m s n\u00e1vrhom optimaliz\u00e1cie procesov, s cie\u013eom podpori\u0165 a zjednodu\u0161i\u0165 zmenu strat\u00e9gie organiz\u00e1cie, implementova\u0165 organiza\u010dn\u00e9 zmeny procesov a zmeny v oblasti IT.<\/p>\n<\/div>\n\n\n\n<div class=\"wp-block-column is-layout-flow wp-container-core-column-is-layout-2 wp-block-column-is-layout-flow\">\n<h3 class=\"wp-block-heading has-text-align-left is-style-default has-text-color has-link-color has-body-font-family has-medium-font-size wp-elements-edf0b8624a3df5018e979a1a884e56c0\" style=\"color:#0693e3;font-style:normal;font-weight:600\"><a href=\"https:\/\/gm-link.sk\/?page_id=17\" data-type=\"page\" data-id=\"17\">IT slu\u017eby a aplika\u010dn\u00fd v\u00fdvoj<\/a><\/h3>\n\n\n\n<p class=\"has-text-align-left\">Pom\u00f4\u017eeme z\u00e1kazn\u00edkom pri transform\u00e1cii biznis po\u017eiadaviek na IT rie\u0161enia s cie\u013eom vyu\u017eitia maxim\u00e1lnej hodnoty z existuj\u00facich syst\u00e9mov a efekt\u00edvneho vyu\u017eitia nov\u00fdch invest\u00edci\u00ed.<\/p>\n<\/div>\n\n\n\n<div class=\"wp-block-column is-layout-flow wp-container-core-column-is-layout-3 wp-block-column-is-layout-flow\">\n<h3 class=\"wp-block-heading has-text-align-left is-style-default has-text-color has-link-color has-body-font-family has-medium-font-size wp-elements-af329ca49c38b711dfe374328a89ef49\" style=\"color:#0693e3;font-style:normal;font-weight:600\"><a href=\"https:\/\/gm-link.sk\/?page_id=19\" data-type=\"page\" data-id=\"19\">Projektov\u00e9 riadenie<\/a><\/h3>\n\n\n\n<p class=\"has-text-align-left\">Poskytujeme slu\u017eby projektov\u00e9ho riadenia vo v\u0161etk\u00fdch f\u00e1zach \u017eivotn\u00e9ho cyklu projektu.<\/p>\n<\/div>\n<\/div>\n\n\n\n<div style=\"height:var(--wp--preset--spacing--20)\" aria-hidden=\"true\" class=\"wp-block-spacer\"><\/div>\n\n\n\n<div class=\"wp-block-columns alignwide is-layout-flex wp-container-core-columns-is-layout-2 wp-block-columns-is-layout-flex\">\n<div class=\"wp-block-column is-layout-flow wp-container-core-column-is-layout-4 wp-block-column-is-layout-flow\">\n<h3 class=\"wp-block-heading has-text-align-left is-style-default has-text-color has-link-color has-body-font-family has-medium-font-size wp-elements-517269484cb854db7ebd838bbffef620\" style=\"color:#0693e3;font-style:normal;font-weight:600\"><a href=\"https:\/\/gm-link.sk\/?page_id=21\" data-type=\"page\" data-id=\"21\">Informa\u010dn\u00e9 syst\u00e9my verejnej spr\u00e1vy<\/a><\/h3>\n\n\n\n<p class=\"has-text-align-left\">Sme spo\u013eahliv\u00fd partner v oblasti n\u00e1vrhu informa\u010dn\u00fdch syst\u00e9mov verejnej spr\u00e1vy. GM-Link prin\u00e1\u0161a organiz\u00e1ci\u00e1m progres\u00edvne rie\u0161enia v s\u00falade so \u0161tandardami informa\u010dn\u00fdch syst\u00e9mov verejnej spr\u00e1vy a cie\u013emi a potrebami organiz\u00e1ci\u00ed.<\/p>\n<\/div>\n\n\n\n<div class=\"wp-block-column is-layout-flow wp-container-core-column-is-layout-5 wp-block-column-is-layout-flow\">\n<h3 class=\"wp-block-heading has-text-align-left is-style-default has-text-color has-link-color has-body-font-family has-medium-font-size wp-elements-77b347f329f7aa26f2427923c6d52ac3\" style=\"color:#0693e3;font-style:normal;font-weight:600\"><a href=\"https:\/\/gm-link.sk\/?page_id=23\" data-type=\"page\" data-id=\"23\">Infra\u0161trukt\u00farne slu\u017eby<\/a><\/h3>\n\n\n\n<p class=\"has-text-align-left\">Zabezpe\u010d\u00edme komplexn\u00e9 rie\u0161enia v oblasti n\u00e1vrh, dod\u00e1vky, spr\u00e1vy a podpory existuj\u00faceho a nov\u00e9ho hardv\u00e9rov\u00e9ho vybavenia va\u0161ej organiz\u00e1cie a spolo\u010dnosti s cie\u013eom efekt\u00edvneho vyu\u017eitia invest\u00edci\u00ed do IT infra\u0161trukt\u00fary.<\/p>\n<\/div>\n\n\n\n<div class=\"wp-block-column is-layout-flow wp-container-core-column-is-layout-6 wp-block-column-is-layout-flow\">\n<h3 class=\"wp-block-heading has-text-align-left is-style-default has-text-color has-link-color has-body-font-family has-medium-font-size wp-elements-bf61b8b8060a47e743471e4c2f9d37ce\" style=\"color:#0693e3;font-style:normal;font-weight:600\"><a href=\"https:\/\/gm-link.sk\/?page_id=35\" data-type=\"page\" data-id=\"35\">Dot\u00e1cie pre fyzick\u00e9 osoby<\/a><\/h3>\n\n\n\n<p class=\"has-text-align-left\">Sme spo\u013eahliv\u00fd partner v oblasti z\u00edskavania dot\u00e1ci\u00ed pre fyzick\u00e9 osoby. Vieme V\u00e1m poskytn\u00fa\u0165 konzult\u00e1cie a spracova\u0165 podklady k \u017eiadosti na z\u00edskanie dot\u00e1cie na zateplenie rodinn\u00e9ho domu.<\/p>\n<\/div>\n<\/div>\n<\/div>\n","protected":false},"excerpt":{"rendered":"<p>Spolo\u010dnos\u0165 GM-Link pom\u00e1ha z\u00e1kazn\u00edkom pri transform\u00e1cii biznis po\u017eiadaviek na IT rie\u0161enia s cie\u013eom vyu\u017eitia maxim\u00e1lnej hodnoty z existuj\u00facich syst\u00e9mov a efekt\u00edvneho vyu\u017eitia nov\u00fdch invest\u00edci\u00ed. Poradenstvo v oblasti biznis procesov Pom\u00f4\u017eeme V\u00e1m s n\u00e1vrhom optimaliz\u00e1cie procesov, s cie\u013eom podpori\u0165 a zjednodu\u0161i\u0165 zmenu strat\u00e9gie organiz\u00e1cie, implementova\u0165 organiza\u010dn\u00e9 zmeny procesov a zmeny v oblasti IT. IT slu\u017eby a [&hellip;]<\/p>\n","protected":false},"author":2,"featured_media":0,"parent":0,"menu_order":0,"comment_status":"closed","ping_status":"closed","template":"","meta":{"footnotes":""},"class_list":["post-496","page","type-page","status-publish","hentry"],"_links":{"self":[{"href":"https:\/\/gm-link.sk\/index.php?rest_route=\/wp\/v2\/pages\/496"}],"collection":[{"href":"https:\/\/gm-link.sk\/index.php?rest_route=\/wp\/v2\/pages"}],"about":[{"href":"https:\/\/gm-link.sk\/index.php?rest_route=\/wp\/v2\/types\/page"}],"author":[{"embeddable":true,"href":"https:\/\/gm-link.sk\/index.php?rest_route=\/wp\/v2\/users\/2"}],"replies":[{"embeddable":true,"href":"https:\/\/gm-link.sk\/index.php?rest_route=%2Fwp%2Fv2%2Fcomments&post=496"}],"version-history":[{"count":23,"href":"https:\/\/gm-link.sk\/index.php?rest_route=\/wp\/v2\/pages\/496\/revisions"}],"predecessor-version":[{"id":677,"href":"https:\/\/gm-link.sk\/index.php?rest_route=\/wp\/v2\/pages\/496\/revisions\/677"}],"wp:attachment":[{"href":"https:\/\/gm-link.sk\/index.php?rest_route=%2Fwp%2Fv2%2Fmedia&parent=496"}],"curies":[{"name":"wp","href":"https:\/\/api.w.org\/{rel}","templated":true}]}}