{"id":35,"date":"2021-08-17T15:23:23","date_gmt":"2021-08-17T13:23:23","guid":{"rendered":"https:\/\/web.gmlink.sk\/?page_id=35"},"modified":"2024-01-17T10:29:08","modified_gmt":"2024-01-17T09:29:08","slug":"dotacie","status":"publish","type":"page","link":"https:\/\/gm-link.sk\/?page_id=35","title":{"rendered":"Dot\u00e1cie pre fyzick\u00e9 osoby"},"content":{"rendered":"\n<p class=\"has-text-color has-link-color has-large-font-size wp-elements-e4869863498bf290e4f63b3aa48e170c\" style=\"color:#0693e3\">Dot\u00e1cie pre fyzick\u00e9 osoby<\/p>\n\n\n\n<p>Spolo\u010dnos\u0165 GM-Link je spo\u013eahliv\u00fd partner v oblasti z\u00edskavania dot\u00e1ci\u00ed pre fyzick\u00e9 osoby. Vieme V\u00e1m poskytn\u00fa\u0165 konzult\u00e1cie a spracova\u0165 podklady k \u017eiadosti na z\u00edskanie dot\u00e1cie na zateplenie rodinn\u00e9ho domu.<\/p>\n\n\n\n<p class=\"has-vivid-cyan-blue-color has-text-color has-medium-font-size\">Zatep\u013eovanie rodinn\u00fdch domov<\/p>\n\n\n\n<p class=\"has-normal-font-size\"><strong>Chcete zlep\u0161i\u0165 kvalitu b\u00fdvania vo Va\u0161om rodinnom dome a zn\u00ed\u017ei\u0165 n\u00e1klady na energie ?<\/strong><\/p>\n\n\n\n<p class=\"has-normal-font-size\"><strong>Chcete vyu\u017ei\u0165 mo\u017enos\u0165 z\u00edskania a\u017e 40% n\u00e1kladov a \u010derpa\u0165 nen\u00e1vratn\u00fa dot\u00e1ciu do v\u00fd\u0161ky a\u017e 8800 eur ur\u010den\u00fa na zatep\u013eovanie a neviete ako na to ?<\/strong><\/p>\n\n\n\n<p class=\"has-normal-font-size\">Spracujeme V\u00e1m komplexne \u017eiados\u0165 na z\u00edskanie dot\u00e1cie na zateplenie rodinn\u00e9ho domu.<\/p>\n\n\n\n<div class=\"wp-block-media-text is-stacked-on-mobile\" style=\"grid-template-columns:32% auto\"><figure class=\"wp-block-media-text__media\"><img loading=\"lazy\" decoding=\"async\" width=\"600\" height=\"600\" src=\"https:\/\/gm-link.sk\/wp-content\/uploads\/2024\/01\/house-png-189.png\" alt=\"\" class=\"wp-image-662 size-full\" srcset=\"https:\/\/gm-link.sk\/wp-content\/uploads\/2024\/01\/house-png-189.png 600w, https:\/\/gm-link.sk\/wp-content\/uploads\/2024\/01\/house-png-189-300x300.png 300w, https:\/\/gm-link.sk\/wp-content\/uploads\/2024\/01\/house-png-189-150x150.png 150w\" sizes=\"(max-width: 600px) 100vw, 600px\" \/><\/figure><div class=\"wp-block-media-text__content\">\n<p><strong>O dot\u00e1ciu m\u00f4\u017eete po\u017eiada\u0165  <\/strong><br>&#8211; <strong>pred zateplen\u00edm alebo <\/strong><br>&#8211; <strong>po zateplen\u00ed RD<\/strong><br>(zatep\u013eova\u0165 ste za\u010dali po 31.12.2014 alebo ste e\u0161te neza\u010dali)<\/p>\n<\/div><\/div>\n\n\n\n<p>Ministerstvo dopravy, v\u00fdstavby a region\u00e1lneho rozvoja SR pon\u00faka&nbsp;<strong>mo\u017enos\u0165 v\u0161etk\u00fdm majite\u013eom rodinn\u00fdch domov<\/strong>&nbsp;sp\u013a\u0148aj\u00facich ur\u010dit\u00e9 podmienky zapoji\u0165 sa do projektu<\/p>\n\n\n\n<p class=\"has-text-align-center has-vivid-green-cyan-color has-text-color\"><strong>\u201ePodpora zatep\u013eovania rodinn\u00fdch domov\u201c<\/strong><\/p>\n\n\n\n<p>z\u00edskan\u00edm pr\u00edspevku na zlep\u0161enie energetickej hospod\u00e1rnosti rodinn\u00e9ho domu uskuto\u010dnen\u00edm stavebn\u00fdch \u00faprav rodinn\u00e9ho domu, ktor\u00fdmi sa vykon\u00e1 z\u00e1sah do obalov\u00fdch kon\u0161trukci\u00ed budovy zateplen\u00edm obvodov\u00e9ho pl\u00e1\u0161\u0165a, stre\u0161n\u00e9ho pl\u00e1\u0161\u0165a, vn\u00fatorn\u00fdch deliacich kon\u0161trukci\u00ed medzi vykurovan\u00fdm a nevykurovan\u00fdm priestorom a v\u00fdmenou p\u00f4vodn\u00fdch otvorov\u00fdch kon\u0161trukci\u00ed rodinn\u00e9ho domu.<\/p>\n\n\n\n<p><strong><u>Z\u00e1kladn\u00e9 podmienky pre z\u00edskanie pr\u00edspevku s\u00fa :<\/u><\/strong><\/p>\n\n\n\n<ul class=\"wp-block-list\">\n<li>splnenie po\u017eiadavky tepelnoizola\u010dn\u00fdch vlastnost\u00ed stavebn\u00fdch kon\u0161trukci\u00ed preuk\u00e1zan\u00edm hodnoty s\u00fa\u010dinite\u013ea prechodu tepla stavebn\u00fdch kon\u0161trukci\u00ed pod\u013ea STN<\/li>\n\n\n\n<li>zateplenie rodinn\u00e9ho domu uskuto\u010dni\u0165 tepelnoizola\u010dn\u00fdm syst\u00e9mom na vonkaj\u0161iu tepeln\u00fa ochranu stien, na ktor\u00fd vydal vyhl\u00e1senie o parametroch v\u00fdrobca syst\u00e9mu<\/li>\n\n\n\n<li>zrealizova\u0165 zateplenie rodinn\u00e9ho domu licencovan\u00fdm zhotovite\u013eom<\/li>\n<\/ul>\n\n\n\n<p><strong><u>Kto m\u00f4\u017ee po\u017eiada\u0165 o dot\u00e1ciu ?<\/u><\/strong><\/p>\n\n\n\n<ul class=\"wp-block-list\">\n<li>ste ob\u010dan \u0161t\u00e1tu EU, Eur\u00f3pskeho hospod\u00e1rskeho priestoru alebo \u0160vaj\u010diarska<\/li>\n\n\n\n<li>m\u00e1te trval\u00fd pobyt na SR<\/li>\n\n\n\n<li>RD sa nach\u00e1dza na SR, je v\u00fdlu\u010dne pou\u017e\u00edvan\u00fd na b\u00fdvanie a do u\u017e\u00edvate ho aspo\u0148 10 rokov pred zateplen\u00edm<\/li>\n\n\n\n<li>m\u00e1 celkov\u00fa podlahov\u00fa plochu najviac 150 m2 pri jednopodla\u017enom rodinnom dome alebo 300 m2 pri viacpodla\u017enom rodinnom dome<\/li>\n\n\n\n<li>s\u00fa splnen\u00e9 podmienky pod\u013ea STN<\/li>\n<\/ul>\n\n\n\n<p>Kontakt :&nbsp;<a href=\"mailto:zateplovanieRD@gm-link.sk\">zateplovanieRD@gm-link.sk<\/a><br>Mobil :&nbsp;<a href=\"tel:+421 948 458 568\">+421 948 458 468<\/a><\/p>\n","protected":false},"excerpt":{"rendered":"<p>Dot\u00e1cie pre fyzick\u00e9 osoby Spolo\u010dnos\u0165 GM-Link je spo\u013eahliv\u00fd partner v oblasti z\u00edskavania dot\u00e1ci\u00ed pre fyzick\u00e9 osoby. Vieme V\u00e1m poskytn\u00fa\u0165 konzult\u00e1cie a spracova\u0165 podklady k \u017eiadosti na z\u00edskanie dot\u00e1cie na zateplenie rodinn\u00e9ho domu. Zatep\u013eovanie rodinn\u00fdch domov Chcete zlep\u0161i\u0165 kvalitu b\u00fdvania vo Va\u0161om rodinnom dome a zn\u00ed\u017ei\u0165 n\u00e1klady na energie ? Chcete vyu\u017ei\u0165 mo\u017enos\u0165 z\u00edskania a\u017e 40% [&hellip;]<\/p>\n","protected":false},"author":2,"featured_media":0,"parent":0,"menu_order":0,"comment_status":"closed","ping_status":"closed","template":"","meta":{"footnotes":""},"class_list":["post-35","page","type-page","status-publish","hentry"],"_links":{"self":[{"href":"https:\/\/gm-link.sk\/index.php?rest_route=\/wp\/v2\/pages\/35"}],"collection":[{"href":"https:\/\/gm-link.sk\/index.php?rest_route=\/wp\/v2\/pages"}],"about":[{"href":"https:\/\/gm-link.sk\/index.php?rest_route=\/wp\/v2\/types\/page"}],"author":[{"embeddable":true,"href":"https:\/\/gm-link.sk\/index.php?rest_route=\/wp\/v2\/users\/2"}],"replies":[{"embeddable":true,"href":"https:\/\/gm-link.sk\/index.php?rest_route=%2Fwp%2Fv2%2Fcomments&post=35"}],"version-history":[{"count":28,"href":"https:\/\/gm-link.sk\/index.php?rest_route=\/wp\/v2\/pages\/35\/revisions"}],"predecessor-version":[{"id":672,"href":"https:\/\/gm-link.sk\/index.php?rest_route=\/wp\/v2\/pages\/35\/revisions\/672"}],"wp:attachment":[{"href":"https:\/\/gm-link.sk\/index.php?rest_route=%2Fwp%2Fv2%2Fmedia&parent=35"}],"curies":[{"name":"wp","href":"https:\/\/api.w.org\/{rel}","templated":true}]}}