{"id":17,"date":"2021-08-17T15:03:05","date_gmt":"2021-08-17T13:03:05","guid":{"rendered":"https:\/\/web.gmlink.sk\/?page_id=17"},"modified":"2024-01-17T09:54:00","modified_gmt":"2024-01-17T08:54:00","slug":"it-sluzby-a-aplikacny-vyvoj","status":"publish","type":"page","link":"https:\/\/gm-link.sk\/?page_id=17","title":{"rendered":"IT slu\u017eby a aplika\u010dn\u00fd v\u00fdvoj"},"content":{"rendered":"\n<p class=\"has-vivid-cyan-blue-color has-text-color has-large-font-size\">IT slu\u017eby a aplika\u010dn\u00fd v\u00fdvoj<\/p>\n\n\n\n<p>V oblasti IT spolo\u010dnos\u0165 GM-Link pom\u00e1ha z\u00e1kazn\u00edkom pri transform\u00e1cii biznis po\u017eiadaviek na IT rie\u0161enia s cie\u013eom vyu\u017eitia maxim\u00e1lnej hodnoty z existuj\u00facich syst\u00e9mov a efekt\u00edvneho vyu\u017eitia nov\u00fdch invest\u00edci\u00ed. Pri n\u00e1vrhu rie\u0161enia zva\u017eujeme viacero poh\u013eadov, ako je procesn\u00fd, architektonick\u00fd, technick\u00fd a v neposlednej miere aj legislat\u00edvny poh\u013ead s cie\u013eom prinies\u0165 efekt\u00edvne IT rie\u0161enie. M\u00e1me za sebou viac ako 20-ro\u010dn\u00e9 sk\u00fasenost\u00ed s tvorbou rie\u0161en\u00ed na poskytovanie elektronick\u00fdch slu\u017eieb v oblasti pois\u0165ovn\u00edctva, bankon\u00edctva, ako aj elektronick\u00fdch slu\u017eieb verejn\u00e9ho sektora.<\/p>\n\n\n\n<p class=\"has-vivid-cyan-blue-color has-text-color\">Konzulta\u010dn\u00e9 slu\u017eby<\/p>\n\n\n\n<p>V\u010faka sk\u00fasenostiam s n\u00e1vrhom a anal\u00fdzou rie\u0161en\u00ed uspokojujeme potreby na\u0161ich z\u00e1kazn\u00edkov s cie\u013eom dod\u00e1va\u0165 slu\u017eby s pridanou hodnotou. Dlhoro\u010dn\u00e9 sk\u00fasenosti na\u0161ich analytikov a technol\u00f3gov v r\u00f4znych odvetviach s\u00fa z\u00e1rukou identifik\u00e1cie skuto\u010dn\u00fdch va\u0161ich potrieb s n\u00e1slednou optimaliz\u00e1ciou procesov.<\/p>\n\n\n\n<ul class=\"wp-block-list\">\n<li>Spoznanie z\u00e1kazn\u00edka<\/li>\n\n\n\n<li>Biznis anal\u00fdza IT a informa\u010dn\u00e9ho syst\u00e9mu<\/li>\n\n\n\n<li>Anal\u00fdza s\u00fa\u010dasn\u00e9ho stavu IT rie\u0161enia a n\u00e1vrh zlep\u0161enia<\/li>\n\n\n\n<li>Tvorba detailnej funk\u010dnej anal\u00fdzy<\/li>\n\n\n\n<li>Pl\u00e1novanie IT projektov<\/li>\n\n\n\n<li>Implement\u00e1cie IT projektov<\/li>\n\n\n\n<li>Tvorba dokument\u00e1cie<\/li>\n<\/ul>\n\n\n\n<p class=\"has-vivid-cyan-blue-color has-text-color\">N\u00e1vrh a realiz\u00e1cia informa\u010dn\u00fdch syst\u00e9mov, aplika\u010dn\u00fd v\u00fdvoj<\/p>\n\n\n\n<p>Na\u0161a spolo\u010dnos\u0165 v\u00e1m zrealizuje v\u00fdvoj a dod\u00e1vku rie\u0161enia na mieru so zabezpe\u010den\u00edm n\u00e1lednej podpory dodan\u00e9ho rie\u0161enia. Dod\u00e1vame otvoren\u00e9 a \u0161k\u00e1lovate\u013en\u00e9 rie\u0161enia s vyu\u017eit\u00edm najmodernej\u0161\u00edch a progres\u00edvnych technol\u00f3gi\u00ed s dodr\u017ean\u00edm IT \u0161tandardov. Rie\u0161enia vyv\u00edjame na r\u00f4znych platform\u00e1ch v z\u00e1vislosti od typu po\u017eiadavky z\u00e1kazn\u00edka. Db\u00e1me na to, aby pou\u017e\u00edvatelia radi pracovali s dodan\u00fdm rie\u0161en\u00edm, aby navrnut\u00e9 rie\u0161enia automatizovalo procesy, zlep\u0161ilo spolupr\u00e1cu pou\u017e\u00edvate\u013eov a zvy\u0161ilo ich efekt\u00edvnos\u0165.<\/p>\n\n\n\n<ul class=\"wp-block-list\">\n<li>N\u00e1vrh a implement\u00e1cia informa\u010dn\u00fdch syst\u00e9mov pre platformu IBM iSeries (AS\/400) RPG, COBOL, C, SQL, CLP, a \u010fal\u0161ie<\/li>\n\n\n\n<li>Vlastn\u00fd v\u00fdvoj nov\u00fdch aplik\u00e1ci\u00ed (JAVA, HTML, PHP a pod.), (SOA, WS, WSDL a pod.<\/li>\n\n\n\n<li>N\u00e1vrh a implement\u00e1cia webov\u00fdch a cloudov\u00fdch rie\u0161en\u00ed<\/li>\n\n\n\n<li>Moderniz\u00e1cia a optimaliz\u00e1cia aplik\u00e1ci\u00ed a rie\u0161en\u00ed<\/li>\n\n\n\n<li>Integr\u00e1cia rie\u0161en\u00ed a prisp\u00f4sobenie existuj\u00facich aplik\u00e1ci\u00ed po\u017eiadavk\u00e1m z\u00e1kazn\u00edka<\/li>\n\n\n\n<li>Testovanie aplik\u00e1ci\u00ed<\/li>\n\n\n\n<li>Nasadzovanie komplexn\u00fdch syst\u00e9mov do prev\u00e1dzky<\/li>\n<\/ul>\n\n\n\n<p class=\"has-vivid-cyan-blue-color has-text-color\">Datab\u00e1zy<\/p>\n\n\n\n<p>Realizujeme v\u00fdkonn\u00e9 a vysoko dostupn\u00e9 datab\u00e1zov\u00e9 syst\u00e9my, vr\u00e1mci ktor\u00fdch poskytujeme n\u00e1vrh a implement\u00e1ciu komplexn\u00fdch datab\u00e1zov\u00fdch rie\u0161en\u00ed<\/p>\n\n\n\n<ul class=\"wp-block-list\">\n<li>Vytv\u00e1ranie d\u00e1tov\u00fdch modelov, d\u00e1tov\u00fdch skladov, vytv\u00e1ranie reportov nad \u00fadajovou z\u00e1klad\u0148ou<\/li>\n\n\n\n<li>Zabezpe\u010dujene spr\u00e1vu datab\u00e1z, z\u00e1lohovacie pl\u00e1ny, mirrorovanie datab\u00e1z, replik\u00e1cie d\u00e1t,<\/li>\n\n\n\n<li>Ladenie v\u00fdkonu datab\u00e1zov\u00e9ho syst\u00e9mu<\/li>\n\n\n\n<li>Manipul\u00e1ciu s d\u00e1tami, pr\u00edpravu migr\u00e1cie d\u00e1t, import, export d\u00e1t ako aj vytv\u00e1ranie transforma\u010dn\u00fdch programov<\/li>\n\n\n\n<li>Optimaliz\u00e1cia SQL aplik\u00e1ci\u00ed<\/li>\n<\/ul>\n\n\n\n<p class=\"has-vivid-cyan-blue-color has-text-color\">\u0160kolenia a kurzy<\/p>\n\n\n\n<ul class=\"wp-block-list\">\n<li>Pon\u00fakame odborn\u00e9 \u0161kolenia a kurzy dodan\u00fdch rie\u0161n\u00ed pre koncov\u00fdch pou\u017e\u00edvate\u013eov, administr\u00e1torov, pracovn\u00edkov prev\u00e1dzky, pracovn\u00edkov riadenia bezpe\u010dnosti a pod.<\/li>\n\n\n\n<li>Pon\u00fakame odborn\u00e9 \u0161kolenia a kurzy pre syst\u00e9mov\u00fdch administr\u00e1torov, program\u00e1torov a oper\u00e1torov pre platformu IBM iSeries (AS\/400), ako s\u00fa RPG, COBOL, C, SQL, CLP, a \u010fal\u0161ie<\/li>\n\n\n\n<li>Zabezpe\u010d\u00edme kurz na mieru so zoh\u013eadnen\u00edm \u0161pecifick\u00fdch po\u017eiadaviek z\u00e1kazn\u00edka<\/li>\n<\/ul>\n","protected":false},"excerpt":{"rendered":"<p>IT slu\u017eby a aplika\u010dn\u00fd v\u00fdvoj V oblasti IT spolo\u010dnos\u0165 GM-Link pom\u00e1ha z\u00e1kazn\u00edkom pri transform\u00e1cii biznis po\u017eiadaviek na IT rie\u0161enia s cie\u013eom vyu\u017eitia maxim\u00e1lnej hodnoty z existuj\u00facich syst\u00e9mov a efekt\u00edvneho vyu\u017eitia nov\u00fdch invest\u00edci\u00ed. Pri n\u00e1vrhu rie\u0161enia zva\u017eujeme viacero poh\u013eadov, ako je procesn\u00fd, architektonick\u00fd, technick\u00fd a v neposlednej miere aj legislat\u00edvny poh\u013ead s cie\u013eom prinies\u0165 efekt\u00edvne IT [&hellip;]<\/p>\n","protected":false},"author":2,"featured_media":0,"parent":0,"menu_order":0,"comment_status":"closed","ping_status":"closed","template":"","meta":{"footnotes":""},"class_list":["post-17","page","type-page","status-publish","hentry"],"_links":{"self":[{"href":"https:\/\/gm-link.sk\/index.php?rest_route=\/wp\/v2\/pages\/17"}],"collection":[{"href":"https:\/\/gm-link.sk\/index.php?rest_route=\/wp\/v2\/pages"}],"about":[{"href":"https:\/\/gm-link.sk\/index.php?rest_route=\/wp\/v2\/types\/page"}],"author":[{"embeddable":true,"href":"https:\/\/gm-link.sk\/index.php?rest_route=\/wp\/v2\/users\/2"}],"replies":[{"embeddable":true,"href":"https:\/\/gm-link.sk\/index.php?rest_route=%2Fwp%2Fv2%2Fcomments&post=17"}],"version-history":[{"count":5,"href":"https:\/\/gm-link.sk\/index.php?rest_route=\/wp\/v2\/pages\/17\/revisions"}],"predecessor-version":[{"id":654,"href":"https:\/\/gm-link.sk\/index.php?rest_route=\/wp\/v2\/pages\/17\/revisions\/654"}],"wp:attachment":[{"href":"https:\/\/gm-link.sk\/index.php?rest_route=%2Fwp%2Fv2%2Fmedia&parent=17"}],"curies":[{"name":"wp","href":"https:\/\/api.w.org\/{rel}","templated":true}]}}