{"id":15,"date":"2021-08-17T14:35:05","date_gmt":"2021-08-17T12:35:05","guid":{"rendered":"https:\/\/web.gmlink.sk\/?page_id=15"},"modified":"2024-01-17T09:48:21","modified_gmt":"2024-01-17T08:48:21","slug":"poradenstvo-v-oblasti-biznis-procesov","status":"publish","type":"page","link":"https:\/\/gm-link.sk\/?page_id=15","title":{"rendered":"Poradenstvo v oblasti biznis procesov"},"content":{"rendered":"\n<p class=\"has-vivid-cyan-blue-color has-text-color has-large-font-size\">Poradenstvo v oblasti biznis procesov<\/p>\n\n\n\n<p>Spolo\u010dnos\u0165 GM-Link v\u00e1m pom\u00f4\u017ee s n\u00e1vrhom optimaliz\u00e1cie procesov, s cie\u013eom podpori\u0165 a zjednodu\u0161i\u0165 zmenu strat\u00e9gie organiz\u00e1cie, implementova\u0165 organiza\u010dn\u00e9 zmeny procesov a zmeny v oblasti IT.<\/p>\n\n\n\n<p class=\"has-vivid-cyan-blue-color has-text-color\">Poradenstvo a konzulta\u010dn\u00e9 slu\u017eby<\/p>\n\n\n\n<ul class=\"wp-block-list\">\n<li>Optimaliz\u00e1cia a automatiz\u00e1cia procesov<\/li>\n\n\n\n<li>Dizajn\/redizajn procesov s oh\u013eadom na elimin\u00e1ciu duplicit<\/li>\n\n\n\n<li>Procesn\u00fd a organiza\u010dn\u00fd audit vr\u00e1tane n\u00e1vrhu optimaliz\u00e1cie organiza\u010dnej \u0161trukt\u00fary<\/li>\n\n\n\n<li>Zavedenie projektov\u00e9ho riadenia<\/li>\n\n\n\n<li>Anal\u00fdza a optimaliz\u00e1cia n\u00e1kladov a pr\u00edprava rozpo\u010dtov<\/li>\n<\/ul>\n","protected":false},"excerpt":{"rendered":"<p>Poradenstvo v oblasti biznis procesov Spolo\u010dnos\u0165 GM-Link v\u00e1m pom\u00f4\u017ee s n\u00e1vrhom optimaliz\u00e1cie procesov, s cie\u013eom podpori\u0165 a zjednodu\u0161i\u0165 zmenu strat\u00e9gie organiz\u00e1cie, implementova\u0165 organiza\u010dn\u00e9 zmeny procesov a zmeny v oblasti IT. Poradenstvo a konzulta\u010dn\u00e9 slu\u017eby<\/p>\n","protected":false},"author":2,"featured_media":0,"parent":0,"menu_order":0,"comment_status":"closed","ping_status":"closed","template":"","meta":{"footnotes":""},"class_list":["post-15","page","type-page","status-publish","hentry"],"_links":{"self":[{"href":"https:\/\/gm-link.sk\/index.php?rest_route=\/wp\/v2\/pages\/15"}],"collection":[{"href":"https:\/\/gm-link.sk\/index.php?rest_route=\/wp\/v2\/pages"}],"about":[{"href":"https:\/\/gm-link.sk\/index.php?rest_route=\/wp\/v2\/types\/page"}],"author":[{"embeddable":true,"href":"https:\/\/gm-link.sk\/index.php?rest_route=\/wp\/v2\/users\/2"}],"replies":[{"embeddable":true,"href":"https:\/\/gm-link.sk\/index.php?rest_route=%2Fwp%2Fv2%2Fcomments&post=15"}],"version-history":[{"count":8,"href":"https:\/\/gm-link.sk\/index.php?rest_route=\/wp\/v2\/pages\/15\/revisions"}],"predecessor-version":[{"id":647,"href":"https:\/\/gm-link.sk\/index.php?rest_route=\/wp\/v2\/pages\/15\/revisions\/647"}],"wp:attachment":[{"href":"https:\/\/gm-link.sk\/index.php?rest_route=%2Fwp%2Fv2%2Fmedia&parent=15"}],"curies":[{"name":"wp","href":"https:\/\/api.w.org\/{rel}","templated":true}]}}